{"id":541,"date":"2023-07-17T13:41:33","date_gmt":"2023-07-17T13:41:33","guid":{"rendered":"https:\/\/dummy.xtemos.com\/woodmart2\/games-elementor\/?post_type=product&#038;p=541"},"modified":"2025-10-12T13:03:04","modified_gmt":"2025-10-12T13:03:04","slug":"diablo-iv","status":"publish","type":"product","link":"https:\/\/kgamepay.com\/vi\/san-pham\/diablo-iv\/","title":{"rendered":"Cu\u1ed9c Chi\u1ebfn Cu\u1ed1i C\u00f9ng"},"content":{"rendered":"<div data-elementor-type=\"wp-post\" data-elementor-id=\"541\" class=\"elementor elementor-541\">\n\t\t\t\t<div class=\"wd-negative-gap elementor-element elementor-element-ccb7f50 e-flex e-con-boxed e-con e-parent\" data-id=\"ccb7f50\" data-element_type=\"container\" data-e-type=\"container\">\n\t\t\t\t\t<div class=\"e-con-inner\">\n\t\t\t\t<div class=\"elementor-element elementor-element-a8a391b elementor-widget elementor-widget-wd_text_block\" data-id=\"a8a391b\" data-element_type=\"widget\" data-e-type=\"widget\" data-widget_type=\"wd_text_block.default\">\n\t\t\t\t<div class=\"elementor-widget-container\">\n\t\t\t\t\t\t\t<div class=\"wd-text-block reset-last-child text-left\">\n\t\t\t\n\t\t\t<h1 class=\"header-vfC6AV auto-hide-last-sibling-br\">L\u00e0m th\u1ebf n\u00e0o \u0111\u1ec3 \u0110\u1ea7u L\u00ean:<\/h1><ol class=\"auto-hide-last-sibling-br\"><li>Ti\u1ebfp c\u1eadn v\u1edbi ch\u00ednh th\u1ee9c c\u1ee7a ch\u00fang t\u00f4i h\u1ed7 tr\u1ee3 kh\u00e1ch h\u00e0ng ng\u0169<\/li><li>Ch\u1ecdn n\u1ea1p l\u1ef1a ch\u1ecdn<\/li><li>X\u00e1c nh\u1eadn s\u1ed1 ti\u1ec1n b\u1ea1n mu\u1ed1n \u0111\u1ec3 n\u1ea1p<\/li><li>Nh\u1ea5n \"\u0110\u1eb7t h\u00e0ng ngay b\u00e2y Gi\u1edd\" v\u00e0 ho\u00e0n th\u00e0nh thanh to\u00e1n c\u1ee7a b\u1ea1n<\/li><li>Cung c\u1ea5p th\u00f4ng tin t\u00e0i kho\u1ea3n cho n\u1ea1p<\/li><li>N\u1ea1p ti\u1ec1n c\u1ee7a b\u1ea1n s\u1ebd \u0111\u01b0\u1ee3c ho\u00e0n th\u00e0nh trong th\u1eddi gian ng\u1eafn<\/li><\/ol><h1 class=\"header-vfC6AV auto-hide-last-sibling-br\">Ch\u00ednh Th\u1ee9c C\u1ee7a Ch\u00fang T\u00f4i An To\u00e0n H\u1ee9a<\/h1><div class=\"auto-hide-last-sibling-br paragraph-JOTKXA paragraph-element br-paragraph-space\">100% \u0110\u00edch Th\u1ef1c, An To\u00e0n N\u1ea1p \u2013 B\u1ea3o \u0110\u1ea3m<\/div><div class=\"auto-hide-last-sibling-br paragraph-JOTKXA paragraph-element br-paragraph-space\">Cho t\u1ea5t c\u1ea3 c\u00e1c \u0111\u01a1n \u0111\u1eb7t h\u00e0ng qua ch\u00ednh th\u1ee9c c\u1ee7a ch\u00fang t\u00f4i n\u1ea1p k\u00eanh, ch\u00fang t\u00f4i cung c\u1ea5p tin c\u1eady sau khi b\u00e1n h\u00e0ng. C\u1eeda h\u00e0ng ho\u00e0n to\u00e0n t\u1ef1 tin! Ch\u00fang t\u00f4i r\u1ea5t vui \u0111\u1ec3 ph\u1ee5c v\u1ee5 b\u1ea1n.<\/div><div>\u00a0<\/div><h1 class=\"header-vfC6AV auto-hide-last-sibling-br\">Quan Tr\u1ecdng Mua Nh\u1eafc Nh\u1edf<\/h1><ul class=\"auto-hide-last-sibling-br\"><li>Kh\u00f4ng c\u00f3 \u0111i\u1ec1u ki\u1ec7n ho\u00e0n l\u1ea1i ti\u1ec1n s\u1ebd \u0111\u01b0\u1ee3c c\u1ea5p cho n\u1ea1p \u0111\u01a1n \u0111\u1eb7t h\u00e0ng.<\/li><li>B\u1ea1n ph\u1ea3i l\u00e0 18 n\u0103m tu\u1ed5i hay h\u01a1n \u0111\u1ec3 mua s\u1ea3n ph\u1ea9m \u1ea3o.<\/li><li>Tr\u1ebb v\u1ecb th\u00e0nh ni\u00ean nghi\u00eam c\u1ea5m vi\u1ec7c l\u00e0m b\u1ea5t c\u1ee9 vi\u1ec7c mua b\u00e1n.<\/li><\/ul>\n\t\t\t\t\t<\/div>\n\t\t\t\t\t\t<\/div>\n\t\t\t\t<\/div>\n\t\t\t\t\t<\/div>\n\t\t\t\t<\/div>\n\t\t\t\t<\/div>","protected":false},"excerpt":{"rendered":"<p>Last War International Service Pass Diamond Gift Pack Pass Recharge Store Krypton Gold<\/p>","protected":false},"featured_media":2906,"comment_status":"open","ping_status":"closed","template":"","meta":[],"product_brand":[61,62,63,64],"product_cat":[53],"product_tag":[],"class_list":{"0":"post-541","1":"product","2":"type-product","3":"status-publish","4":"has-post-thumbnail","6":"product_brand-nintendo-switch","7":"product_brand-pc","8":"product_brand-playstation-5","9":"product_brand-xbox-series-xs","10":"product_cat-rpg","12":"first","13":"instock","14":"sale","15":"shipping-taxable","16":"purchasable","17":"product-type-variable"},"aioseo_notices":[],"_links":{"self":[{"href":"https:\/\/kgamepay.com\/vi\/wp-json\/wp\/v2\/product\/541","targetHints":{"allow":["GET"]}}],"collection":[{"href":"https:\/\/kgamepay.com\/vi\/wp-json\/wp\/v2\/product"}],"about":[{"href":"https:\/\/kgamepay.com\/vi\/wp-json\/wp\/v2\/types\/product"}],"replies":[{"embeddable":true,"href":"https:\/\/kgamepay.com\/vi\/wp-json\/wp\/v2\/comments?post=541"}],"version-history":[{"count":9,"href":"https:\/\/kgamepay.com\/vi\/wp-json\/wp\/v2\/product\/541\/revisions"}],"predecessor-version":[{"id":2910,"href":"https:\/\/kgamepay.com\/vi\/wp-json\/wp\/v2\/product\/541\/revisions\/2910"}],"wp:featuredmedia":[{"embeddable":true,"href":"https:\/\/kgamepay.com\/vi\/wp-json\/wp\/v2\/media\/2906"}],"wp:attachment":[{"href":"https:\/\/kgamepay.com\/vi\/wp-json\/wp\/v2\/media?parent=541"}],"wp:term":[{"taxonomy":"product_brand","embeddable":true,"href":"https:\/\/kgamepay.com\/vi\/wp-json\/wp\/v2\/product_brand?post=541"},{"taxonomy":"product_cat","embeddable":true,"href":"https:\/\/kgamepay.com\/vi\/wp-json\/wp\/v2\/product_cat?post=541"},{"taxonomy":"product_tag","embeddable":true,"href":"https:\/\/kgamepay.com\/vi\/wp-json\/wp\/v2\/product_tag?post=541"}],"curies":[{"name":"wp","href":"https:\/\/api.w.org\/{rel}","templated":true}]}}